{"id":7842,"date":"2016-01-13T19:46:38","date_gmt":"2016-01-13T19:46:38","guid":{"rendered":"https:\/\/voxendo.com\/en\/gemafreie-musik-auswahl\/"},"modified":"2017-08-16T13:24:40","modified_gmt":"2017-08-16T13:24:40","slug":"royalty-free-music-selection","status":"publish","type":"page","link":"https:\/\/voxendo.com\/en\/royalty-free-music-selection\/","title":{"rendered":"Royalty Free Music Selection"},"content":{"rendered":"<p>[et_pb_section bb_built=\"1\" admin_label=\"Section\" fullwidth=\"off\" specialty=\"off\" transparent_background=\"off\" background_color=\"#f1f7f7\" allow_player_pause=\"off\" inner_shadow=\"off\" parallax=\"on\" parallax_method=\"on\" padding_mobile=\"off\" make_fullwidth=\"off\" use_custom_width=\"off\" width_unit=\"on\" make_equal=\"off\" use_custom_gutter=\"off\" gutter_width=\"3\" custom_padding=\"||0px|\"][et_pb_row admin_label=\"Row\" make_fullwidth=\"off\" use_custom_width=\"off\" width_unit=\"on\" use_custom_gutter=\"off\" gutter_width=\"3\" padding_mobile=\"off\" allow_player_pause=\"off\" parallax=\"off\" parallax_method=\"off\" make_equal=\"off\" parallax_1=\"off\" parallax_method_1=\"off\" column_padding_mobile=\"on\" custom_padding=\"40px||40px|\" parallax_2=\"off\" parallax_method_2=\"off\" background_position=\"top_left\" background_repeat=\"repeat\" background_size=\"initial\"][et_pb_column type=\"1_2\"][et_pb_image admin_label=\"Image\" src=\"https:\/\/voxendo.com\/wp-content\/uploads\/voxendo-speaker-new-2.png\" show_in_lightbox=\"off\" url_new_window=\"off\" animation=\"left\" sticky=\"off\" align=\"center\" force_fullwidth=\"off\" always_center_on_mobile=\"on\" use_border_color=\"off\" border_color=\"#ffffff\" border_style=\"solid\" custom_margin=\"||0px|\" use_overlay=\"off\" \/][\/et_pb_column][et_pb_column type=\"1_2\"][et_pb_text background_layout=\"light\" text_orientation=\"left\" use_border_color=\"off\" border_color=\"#ffffff\" border_style=\"solid\" custom_margin=\"||0px|\" custom_padding=\"||0px|\" disabled_on=\"off|off|off\" disabled=\"off\" background_position=\"top_left\" background_repeat=\"repeat\" background_size=\"initial\"]<\/p>\n<h1 style=\"color: #666; font-size: 44px; font-family: 'Lato', sans-serif; font-weight: 300; padding-bottom: 20px;\">Royalty Free Music Selection<\/h1>\n<div style=\"height: 160px;\">Here you will find a selection of our most frequently used royalty-free music tracks for prompts. If you cannot find the right music here, you can always access our complete repertoire. You can listen to entirely royalty-free music on our <a href=\"http:\/\/www.gemafreie-musik-online.de\">website<\/a>.<\/div>\n<div style=\"height: 160px;\">Our producer team is available if you need a <a href=\"\/?page_id=8026\">custom music production<\/a>.<\/div>\n<p>[\/et_pb_text][\/et_pb_column][\/et_pb_row][\/et_pb_section][et_pb_section bb_built=\"1\" admin_label=\"Section\" fullwidth=\"off\" specialty=\"off\" transparent_background=\"off\" allow_player_pause=\"off\" inner_shadow=\"off\" parallax=\"off\" parallax_method=\"off\" custom_padding=\"||0px|\" padding_mobile=\"off\" make_fullwidth=\"off\" use_custom_width=\"off\" width_unit=\"on\" make_equal=\"off\" use_custom_gutter=\"off\" background_color=\"#ffffff\" disabled_on=\"on|on|on\" disabled=\"on\"][et_pb_row admin_label=\"Row\" make_fullwidth=\"off\" use_custom_width=\"off\" width_unit=\"on\" use_custom_gutter=\"on\" gutter_width=\"2\" padding_mobile=\"off\" allow_player_pause=\"off\" parallax=\"off\" parallax_method=\"off\" make_equal=\"off\" parallax_1=\"off\" parallax_method_1=\"off\" column_padding_mobile=\"on\"][et_pb_column type=\"4_4\"][et_pb_post_slider admin_label=\"post ref slider\" posts_number=\"4\" include_categories=\"325\" orderby=\"date_desc\" show_arrows=\"on\" show_pagination=\"off\" show_more_button=\"off\" content_source=\"on\" use_manual_excerpt=\"on\" show_meta=\"off\" background_layout=\"dark\" show_image=\"off\" image_placement=\"background\" parallax=\"off\" parallax_method=\"off\" use_bg_overlay=\"on\" use_text_overlay=\"off\" text_overlay_color=\"rgba(130,36,227,0.83)\" remove_inner_shadow=\"on\" background_position=\"default\" background_size=\"default\" auto=\"on\" auto_ignore_hover=\"off\" hide_content_on_mobile=\"off\" hide_cta_on_mobile=\"off\" show_image_video_mobile=\"off\" meta_letter_spacing=\"0\" custom_button=\"off\" button_letter_spacing=\"0\" button_use_icon=\"default\" button_icon_placement=\"right\" button_on_hover=\"on\" button_letter_spacing_hover=\"0\" disabled=\"off\" disabled_on=\"off||\" background_color=\"#ffffff\" top_padding=\"0px\" bottom_padding=\"0px\" top_padding_last_edited=\"off|desktop\" header_font_size=\"1\" auto_speed=\"5000\" \/][\/et_pb_column][\/et_pb_row][\/et_pb_section][et_pb_section bb_built=\"1\" admin_label=\"Section\" fullwidth=\"on\" specialty=\"off\" disabled_on=\"on|on|on\" disabled=\"on\"][et_pb_fullwidth_post_slider admin_label=\"Fullwidth Post Slider\" include_categories=\"325\" orderby=\"date_desc\" show_arrows=\"on\" show_pagination=\"off\" show_more_button=\"off\" content_source=\"on\" use_manual_excerpt=\"on\" show_meta=\"off\" background_layout=\"dark\" show_image=\"off\" image_placement=\"background\" parallax=\"off\" parallax_method=\"off\" use_bg_overlay=\"off\" use_text_overlay=\"off\" remove_inner_shadow=\"on\" background_position=\"default\" background_size=\"default\" auto=\"on\" auto_speed=\"4000\" auto_ignore_hover=\"off\" hide_content_on_mobile=\"off\" hide_cta_on_mobile=\"off\" show_image_video_mobile=\"off\" meta_letter_spacing=\"0\" custom_button=\"off\" button_letter_spacing=\"0\" button_use_icon=\"default\" button_icon_placement=\"right\" button_on_hover=\"on\" button_letter_spacing_hover=\"0\" header_font_size=\"1\" \/][\/et_pb_section][et_pb_section bb_built=\"1\" admin_label=\"section\" transparent_background=\"off\" allow_player_pause=\"off\" inner_shadow=\"off\" parallax=\"off\" parallax_method=\"off\" custom_padding=\"10px|||\" padding_mobile=\"off\" make_fullwidth=\"off\" use_custom_width=\"off\" width_unit=\"on\" make_equal=\"off\" use_custom_gutter=\"off\"][et_pb_row admin_label=\"row\" background_position=\"top_left\" background_repeat=\"repeat\" background_size=\"initial\"][et_pb_column type=\"1_2\"][et_pb_text background_layout=\"light\" text_orientation=\"left\" text_font_size=\"14\" use_border_color=\"off\" border_color=\"#ffffff\" border_style=\"solid\" background_position=\"top_left\" background_repeat=\"repeat\" background_size=\"initial\"] [disk_player id=\"5730\"] [\/et_pb_text][et_pb_text background_layout=\"light\" text_orientation=\"left\" text_font_size=\"14\" use_border_color=\"off\" border_color=\"#ffffff\" border_style=\"solid\" disabled=\"on\" background_position=\"top_left\" background_repeat=\"repeat\" background_size=\"initial\"]<\/p>\n<p>SPACE = Musik starten\/stoppen,\u00a0Pfeiltasten <i class=\"fa fa-arrows-h \" ><\/i> = Titel Sprung, Pfeiltasten\u00a0<i class=\"fa fa-arrows-v \" ><\/i> = Lautst\u00e4rke \u00e4ndern<\/p>\n<p>[\/et_pb_text][et_pb_text background_layout=\"light\" text_orientation=\"left\" use_border_color=\"off\" border_color=\"#ffffff\" border_style=\"solid\" background_position=\"top_left\" background_repeat=\"repeat\" background_size=\"initial\"]<\/p>\n<p>SPACE = Music start\/stop Arrow Keys <i class=\"fa fa-arrows-h \" ><\/i> = Skip Song Arrow Keys\u00a0<i class=\"fa fa-arrows-v \" ><\/i> = Change Volume<\/p>\n<p>[\/et_pb_text][\/et_pb_column][et_pb_column type=\"1_2\"][et_pb_text background_layout=\"light\" text_orientation=\"left\" use_border_color=\"on\" border_color=\"#29bef0\" border_style=\"solid\" custom_padding=\"20px|20px|20px|20px\" custom_css_main_element=\"min-height: 250px; border-radius: 3px;\" background_position=\"top_left\" background_repeat=\"repeat\" background_size=\"initial\"]<\/p>\n<h3 style=\"text-align: left; color: #666;\"><strong><i class=\"fa fa-info-circle \" ><\/i> So simply select the music:<\/strong><\/h3>\n<p style=\"text-align: justify;\">If you want to order a piece of music for the production of prompts (which most of our customers do), then just let us know the track number on the left audio player. You can as well find the same musical piece from the left player in the <a href=\"\/?page_id=7186\">prompts configurator<\/a>. You can put together your request in just a few steps and send to us.<\/p>\n<p style=\"text-align: justify;\">You can also send your own music (for example, corporate sound) to us.<\/p>\n<p style=\"text-align: justify;\"><strong>Our Service:<\/strong> If you happen not to like the chosen piece of music in combination with your individual greeting message after the completion of your prompts, we can replace it in all prompts with a new song and at no extra cost.<\/p>\n<p>[\/et_pb_text][et_pb_text background_layout=\"light\" text_orientation=\"left\" use_border_color=\"on\" border_color=\"#29bef0\" border_style=\"solid\" custom_padding=\"20px|20px|20px|20px\" custom_css_main_element=\"min-height: 250px; border-radius: 3px;\" background_position=\"top_left\" background_repeat=\"repeat\" background_size=\"initial\"]<\/p>\n<h3 style=\"text-align: left; color: #666;\"><strong><i class=\"fa fa-info-circle \" ><\/i> Our Royalty free music library.<\/strong><\/h3>\n<p style=\"text-align: justify;\">If you have not found a matching musical piece on the left music player, a larger collection of music can be found on our Music website: <a href=\"http:\/\/www.gemafreie-musik-online.de\">www.gemafreie-musik-online.de<\/a>. If you have found the desired music there, then you only need to communicate the music title or the item number to us.<\/p>\n<p style=\"text-align: justify;\">Of course, you can buy our music even without prompts production. You can order this directly from <a href=\"http:\/\/www.gemafreie-musik-online.de\">www.gemafreie-musik-online.de<\/a> by clicking on the small cart icon in the left Music Player. The link will take you directly to the music track in the web shop. The proper license for phone use is the standard A license for 59 Euro. (Up to 64 extensions and a company site) You only have to pay once for this license. There are no additional costs.<\/p>\n<p>[\/et_pb_text][\/et_pb_column][\/et_pb_row][et_pb_row admin_label=\"Row\" background_position=\"top_left\" background_repeat=\"repeat\" background_size=\"initial\"][et_pb_column type=\"4_4\"][et_pb_text background_layout=\"light\" text_orientation=\"left\" text_font_size=\"14\" use_border_color=\"off\" border_color=\"#ffffff\" border_style=\"solid\" disabled=\"on\" background_position=\"top_left\" background_repeat=\"repeat\" background_size=\"initial\"]<\/p>\n<p style=\"text-align: left;\">Wenn Sie die Musik mit einer Ansagen Produktion bestellen m\u00f6chten (was die meisten unserer Kunden machen), dann teilen\u00a0Sie uns einfach die Nummer des Musikst\u00fcckes mit Ihrem Ansage Text mit.<\/p>\n<p style=\"text-align: left;\">Eine gr\u00f6ssere Musikauswahl finden Sie auch auf unserer Musik Webseite\u00a0www.gemafreie-musik-online.de -\u00a0Sie brauchen uns dann nur den gew\u00fcnschten Musiktitel oder Artikelnummer nennen.<\/p>\n<p style=\"text-align: left;\">Sie k\u00f6nnen unsere Musik auch ohne eine Ansagen Produktion erwerben. Erwerben Sie diese dann einfach\u00a0von unserer Gema freien Musik Webseite www.gemafreie-musik-online.de .\u00a0Dr\u00fccken Sie dazu auf das kleine Warenkorb Symbol im linken Musik Player. Der Link bringt Sie dann direkt zum Musikst\u00fcck im Webshop.<\/p>\n<h3 style=\"text-align: left;\"><strong><i class=\"fa fa-info-circle \" ><\/i>\u00a0<\/strong><strong>Was bedeutet Gemafrei?<\/strong><\/h3>\n<p style=\"text-align: left;\">Gemafreie Musik (oft auch als lizenzfreie Musik bezeichnet) ist frei von Anspr\u00fcchen und Rechten aller Verwertungsgesellschaften ( z.B. die GEMA, AKM, SUISA )<\/p>\n<p style=\"text-align: left;\">Der Komponist ist kein Mitglied einer Verwertungsgesellschaft und somit fallen bei der Nutzung keine GEMA, AKM und SUISA Geb\u00fchren an.<\/p>\n<h3 style=\"text-align: left;\"><strong><i class=\"fa fa-info-circle \" ><\/i>\u00a0<\/strong><strong>Welche Kosten entstehen bei unserer Gemafreien bzw. lizenzfreien Musik?<\/strong><\/h3>\n<p style=\"text-align: left;\">Bei der Nutzung unserer Musik f\u00e4llt nur eine einmalige Lizenzgeb\u00fchr an. Es entstehen keine weiteren Kosten.<\/p>\n<p style=\"text-align: left;\">Eine erworbene Lizenz gilt immer f\u00fcr eine komplette Ansagen Produktion. Bei Ansagen Updates (z.B neue Gesch\u00e4ftszeiten) muss das Musikst\u00fcck nicht erneut gekauft werden.<\/p>\n<p>[\/et_pb_text][\/et_pb_column][\/et_pb_row][et_pb_row admin_label=\"Row\" background_position=\"top_left\" background_repeat=\"repeat\" background_size=\"initial\"][et_pb_column type=\"1_2\"][et_pb_text background_layout=\"light\" text_orientation=\"left\" use_border_color=\"on\" border_color=\"#29bef0\" border_style=\"solid\" custom_padding=\"20px|20px|20px|20px\" custom_css_main_element=\"min-height: 250px; border-radius: 3px;\" background_position=\"top_left\" background_repeat=\"repeat\" background_size=\"initial\"]<\/p>\n<h3 style=\"text-align: left; color: #666;\"><strong><i class=\"fa fa-info-circle \" ><\/i> What does Royalty-free mean?<\/strong><\/h3>\n<p style=\"text-align: justify;\">Royalty Free Music (often referred to as copyright-free music) is free of claims and rights of all collecting societies (as GEMA, AKM, SUISA, SACEM, STEMRA, ASCAP, BMI etc.)<\/p>\n<p style=\"text-align: justify;\">The composer is not a member of a collecting society and thus no GEMA, AKM and SUISA fees apply.<\/p>\n<p>[\/et_pb_text][\/et_pb_column][et_pb_column type=\"1_2\"][et_pb_text background_layout=\"light\" text_orientation=\"left\" use_border_color=\"on\" border_color=\"#29bef0\" border_style=\"solid\" custom_padding=\"20px|20px|20px|20px\" custom_css_main_element=\"min-height: 250px; border-radius: 3px;\" background_position=\"top_left\" background_repeat=\"repeat\" background_size=\"initial\"]<\/p>\n<h3 style=\"text-align: left; color: #666;\"><strong><i class=\"fa fa-info-circle \" ><\/i>\u00a0<\/strong><strong>What are the costs when using our GEMA-free\/royalty free music?<\/strong><\/h3>\n<p style=\"text-align: justify;\">When using our music, only a one-time license fee is charged. There are no additional costs.<\/p>\n<p style=\"text-align: justify;\">A purchased license is valid for a complete production of prompts. When updating a production (e.g. new business hours) the piece of music must not be purchased again.<\/p>\n<p>[\/et_pb_text][\/et_pb_column][\/et_pb_row][\/et_pb_section][et_pb_section bb_built=\"1\" admin_label=\"Section\" fullwidth=\"off\" specialty=\"off\" transparent_background=\"off\" background_color=\"#f1f7f7\" allow_player_pause=\"off\" inner_shadow=\"off\" parallax=\"on\" parallax_method=\"on\" padding_mobile=\"off\" make_fullwidth=\"off\" use_custom_width=\"off\" width_unit=\"on\" make_equal=\"off\" use_custom_gutter=\"off\" gutter_width=\"3\" custom_padding=\"||0px|\"][et_pb_row admin_label=\"Row\" make_fullwidth=\"off\" use_custom_width=\"off\" width_unit=\"on\" use_custom_gutter=\"off\" gutter_width=\"3\" padding_mobile=\"off\" allow_player_pause=\"off\" parallax=\"off\" parallax_method=\"off\" make_equal=\"off\" parallax_1=\"off\" parallax_method_1=\"off\" column_padding_mobile=\"on\" custom_padding=\"40px||40px|\" parallax_2=\"off\" parallax_method_2=\"off\" disabled_on=\"on|on|on\" disabled=\"on\" background_position=\"top_left\" background_repeat=\"repeat\" background_size=\"initial\"][et_pb_column type=\"1_2\"][et_pb_image admin_label=\"Image\" src=\"https:\/\/voxendo.com\/wp-content\/uploads\/2016\/01\/speaker-test.jpg\" show_in_lightbox=\"off\" url_new_window=\"off\" animation=\"left\" sticky=\"off\" align=\"center\" force_fullwidth=\"off\" always_center_on_mobile=\"on\" use_border_color=\"off\" border_color=\"#ffffff\" border_style=\"solid\" custom_margin=\"||0px|\" \/][\/et_pb_column][et_pb_column type=\"1_2\"][et_pb_text background_layout=\"light\" text_orientation=\"left\" use_border_color=\"off\" border_color=\"#ffffff\" border_style=\"solid\" custom_margin=\"||0px|\" custom_padding=\"||0px|\" custom_css_main_element=\"height: 250px; border-radius: 5px;\"]<\/p>\n<h1 style=\"color: #666; font-size: 44px; font-family: 'Lato', sans-serif; font-weight: 300; padding-bottom: 20px;\">Gemafreie Musikauswahl<\/h1>\n<div style=\"height: 160px;\">Lorem ipsum dolor sit amet, consectetur adipisicing elit, sed do eiusmod tempor incididunt ut labore et dolore magna aliqua. Ut enim ad minim veniam, quis nostrud exercitation ullamco laboris nisi ut aliquip ex ea commodo consequat.<\/div>\n<div class=\"sonic_button_blue\">Sprecher Kategorie <strong>1<\/strong><\/div>\n<div class=\"sonic_button_white\">Sprecher Kategorie <strong>2<\/strong><\/div>\n<p>[\/et_pb_text][\/et_pb_column][\/et_pb_row][\/et_pb_section][et_pb_section bb_built=\"1\" fullwidth=\"off\" specialty=\"off\" _builder_version=\"3.0.65\" background_color=\"#ffffff\" use_background_color_gradient=\"on\" background_color_gradient_start=\"#3b4254\" background_color_gradient_end=\"#192032\" background_color_gradient_type=\"radial\" background_color_gradient_direction=\"293deg\" background_color_gradient_end_position=\"66%\" global_module=\"10270\"][et_pb_row global_parent=\"10270\" background_position=\"top_left\" background_repeat=\"repeat\" background_size=\"initial\" _builder_version=\"3.0.65\" background_position_1=\"top_left\" background_repeat_1=\"no-repeat\" custom_padding=\"0px||0px|\"][et_pb_column type=\"4_4\"][et_pb_text global_parent=\"10270\" _builder_version=\"3.0.65\" background_layout=\"light\" text_orientation=\"center\" border_style=\"solid\" background_position=\"top_left\" background_repeat=\"repeat\" background_size=\"initial\" text_font=\"Raleway||||\" custom_margin=\"||0px|\" text_font_size=\"64\" text_font_size_tablet=\"46\" text_font_size_last_edited=\"on|desktop\"]<\/p>\n<p><a style=\"color: #fff; font-size: 44px; font-family: 'Raleway', sans-serif; font-weight: 300;\">Contact us <\/a><br \/>\n<a style=\"text-align: center; color: #29bef0; font-size: 20px; font-weight: 300; display: block; margin-top: 30px; margin-bottom: 5px;\">Phone, E-Mail or Contact Form<\/a><\/p>\n<p>[\/et_pb_text][\/et_pb_column][\/et_pb_row][et_pb_row global_parent=\"10270\" background_position=\"top_left\" background_repeat=\"repeat\" background_size=\"initial\"][et_pb_column type=\"1_3\"][et_pb_code global_parent=\"10270\" _builder_version=\"3.0.65\"]&lt;div style=\"text-align: center;\" &gt;&lt;i class=\"fa fa-phone\" style=\"color:#ffffff; font-size:60px; padding-bottom: 10px;\"&gt;&lt;\/i&gt;&lt;br \/&gt; &lt;a style=\"text-align: center; color: #29bef0; font-size: 26px !important; font-weight: 300; padding-bottom: 20px;\"&gt;+1 213-412-0548&lt;\/a&gt;&lt;\/div&gt;[\/et_pb_code][\/et_pb_column][et_pb_column type=\"1_3\"][et_pb_code global_parent=\"10270\" _builder_version=\"3.0.65\"]&lt;div style=\"text-align: center;\"&gt;&lt;i class=\"fa fa-envelope-o\" style=\"color:#ffffff; font-size:60px; padding-bottom: 10px;\"&gt;&lt;\/i&gt;&lt;br \/&gt; &lt;a href=\"mailto:info@voxendo.com\" style=\"text-align: center; color: #29bef0; font-size: 26px; font-weight: 300;\"&gt;info@voxendo.com&lt;\/a&gt;&lt;\/div&gt;[\/et_pb_code][\/et_pb_column][et_pb_column type=\"1_3\"][et_pb_button global_parent=\"10270\" _builder_version=\"3.0.65\" button_text=\"Contact Form\" button_url=\"https:\/\/voxendo.com\/en\/contact\/\" url_new_window=\"off\" button_alignment=\"center\" background_layout=\"dark\" custom_button=\"on\" button_letter_spacing=\"0\" button_icon_placement=\"right\" button_letter_spacing_hover=\"0\" button_text_color=\"#ffffff\" button_bg_color=\"#d94b6a\" button_border_color=\"#d94b6a\" custom_css_main_element=\"margin-top:30px;\" \/][\/et_pb_column][\/et_pb_row][\/et_pb_section]<\/p>\n","protected":false},"excerpt":{"rendered":"<p>Royalty Free Music Selection Here you will find a selection of our most frequently used royalty-free music tracks for prompts. If you cannot find the right music here, you can always access our complete repertoire. You can listen to entirely royalty-free music on our website. Our producer team is available if you need a custom [&hellip;]<\/p>\n","protected":false},"author":1,"featured_media":0,"parent":0,"menu_order":0,"comment_status":"closed","ping_status":"closed","template":"","meta":{"_et_pb_use_builder":"on","_et_pb_old_content":"","_et_gb_content_width":"","footnotes":""},"class_list":["post-7842","page","type-page","status-publish","hentry"],"yoast_head":"<!-- This site is optimized with the Yoast SEO plugin v26.8 - https:\/\/yoast.com\/product\/yoast-seo-wordpress\/ -->\n<title>Royalty Free Music, On hold Music, Music for Telephone Prompts<\/title>\n<meta name=\"description\" content=\"Here you will find a &quot;best of&quot; selection of our most frequently used royalty free music tracks for telephone prompts. On hold music, background music\" \/>\n<meta name=\"robots\" content=\"index, follow, max-snippet:-1, max-image-preview:large, max-video-preview:-1\" \/>\n<link rel=\"canonical\" href=\"https:\/\/voxendo.com\/en\/royalty-free-music-selection\/\" \/>\n<meta property=\"og:locale\" content=\"en_US\" \/>\n<meta property=\"og:type\" content=\"article\" \/>\n<meta property=\"og:title\" content=\"Royalty Free Music, On hold Music, Music for Telephone Prompts\" \/>\n<meta property=\"og:description\" content=\"Here you will find a &quot;best of&quot; selection of our most frequently used royalty free music tracks for telephone prompts. On hold music, background music\" \/>\n<meta property=\"og:url\" content=\"https:\/\/voxendo.com\/en\/royalty-free-music-selection\/\" \/>\n<meta property=\"og:site_name\" content=\"Voxendo.com\" \/>\n<meta property=\"article:publisher\" content=\"https:\/\/www.facebook.com\/voxendo\/\" \/>\n<meta property=\"article:modified_time\" content=\"2017-08-16T13:24:40+00:00\" \/>\n<meta property=\"og:image\" content=\"https:\/\/voxendo.com\/wp-content\/uploads\/voxendo-facebook-logo.png\" \/>\n<meta name=\"twitter:card\" content=\"summary_large_image\" \/>\n<meta name=\"twitter:site\" content=\"@voxendo\" \/>\n<meta name=\"twitter:label1\" content=\"Est. reading time\" \/>\n\t<meta name=\"twitter:data1\" content=\"12 minutes\" \/>\n<script type=\"application\/ld+json\" class=\"yoast-schema-graph\">{\"@context\":\"https:\/\/schema.org\",\"@graph\":[{\"@type\":\"WebPage\",\"@id\":\"https:\/\/voxendo.com\/en\/royalty-free-music-selection\/\",\"url\":\"https:\/\/voxendo.com\/en\/royalty-free-music-selection\/\",\"name\":\"Royalty Free Music, On hold Music, Music for Telephone Prompts\",\"isPartOf\":{\"@id\":\"https:\/\/voxendo.com\/en\/#website\"},\"datePublished\":\"2016-01-13T19:46:38+00:00\",\"dateModified\":\"2017-08-16T13:24:40+00:00\",\"description\":\"Here you will find a \\\"best of\\\" selection of our most frequently used royalty free music tracks for telephone prompts. On hold music, background music\",\"breadcrumb\":{\"@id\":\"https:\/\/voxendo.com\/en\/royalty-free-music-selection\/#breadcrumb\"},\"inLanguage\":\"en-US\",\"potentialAction\":[{\"@type\":\"ReadAction\",\"target\":[\"https:\/\/voxendo.com\/en\/royalty-free-music-selection\/\"]}]},{\"@type\":\"BreadcrumbList\",\"@id\":\"https:\/\/voxendo.com\/en\/royalty-free-music-selection\/#breadcrumb\",\"itemListElement\":[{\"@type\":\"ListItem\",\"position\":1,\"name\":\"Home\",\"item\":\"https:\/\/voxendo.com\/en\/\"},{\"@type\":\"ListItem\",\"position\":2,\"name\":\"Royalty Free Music Selection\"}]},{\"@type\":\"WebSite\",\"@id\":\"https:\/\/voxendo.com\/en\/#website\",\"url\":\"https:\/\/voxendo.com\/en\/\",\"name\":\"Voxendo.com\",\"description\":\"Immer die richtige Stimme\",\"potentialAction\":[{\"@type\":\"SearchAction\",\"target\":{\"@type\":\"EntryPoint\",\"urlTemplate\":\"https:\/\/voxendo.com\/en\/?s={search_term_string}\"},\"query-input\":{\"@type\":\"PropertyValueSpecification\",\"valueRequired\":true,\"valueName\":\"search_term_string\"}}],\"inLanguage\":\"en-US\"}]}<\/script>\n<!-- \/ Yoast SEO plugin. -->","yoast_head_json":{"title":"Royalty Free Music, On hold Music, Music for Telephone Prompts","description":"Here you will find a \"best of\" selection of our most frequently used royalty free music tracks for telephone prompts. On hold music, background music","robots":{"index":"index","follow":"follow","max-snippet":"max-snippet:-1","max-image-preview":"max-image-preview:large","max-video-preview":"max-video-preview:-1"},"canonical":"https:\/\/voxendo.com\/en\/royalty-free-music-selection\/","og_locale":"en_US","og_type":"article","og_title":"Royalty Free Music, On hold Music, Music for Telephone Prompts","og_description":"Here you will find a \"best of\" selection of our most frequently used royalty free music tracks for telephone prompts. On hold music, background music","og_url":"https:\/\/voxendo.com\/en\/royalty-free-music-selection\/","og_site_name":"Voxendo.com","article_publisher":"https:\/\/www.facebook.com\/voxendo\/","article_modified_time":"2017-08-16T13:24:40+00:00","og_image":[{"url":"https:\/\/voxendo.com\/wp-content\/uploads\/voxendo-facebook-logo.png","type":"","width":"","height":""}],"twitter_card":"summary_large_image","twitter_site":"@voxendo","twitter_misc":{"Est. reading time":"12 minutes"},"schema":{"@context":"https:\/\/schema.org","@graph":[{"@type":"WebPage","@id":"https:\/\/voxendo.com\/en\/royalty-free-music-selection\/","url":"https:\/\/voxendo.com\/en\/royalty-free-music-selection\/","name":"Royalty Free Music, On hold Music, Music for Telephone Prompts","isPartOf":{"@id":"https:\/\/voxendo.com\/en\/#website"},"datePublished":"2016-01-13T19:46:38+00:00","dateModified":"2017-08-16T13:24:40+00:00","description":"Here you will find a \"best of\" selection of our most frequently used royalty free music tracks for telephone prompts. On hold music, background music","breadcrumb":{"@id":"https:\/\/voxendo.com\/en\/royalty-free-music-selection\/#breadcrumb"},"inLanguage":"en-US","potentialAction":[{"@type":"ReadAction","target":["https:\/\/voxendo.com\/en\/royalty-free-music-selection\/"]}]},{"@type":"BreadcrumbList","@id":"https:\/\/voxendo.com\/en\/royalty-free-music-selection\/#breadcrumb","itemListElement":[{"@type":"ListItem","position":1,"name":"Home","item":"https:\/\/voxendo.com\/en\/"},{"@type":"ListItem","position":2,"name":"Royalty Free Music Selection"}]},{"@type":"WebSite","@id":"https:\/\/voxendo.com\/en\/#website","url":"https:\/\/voxendo.com\/en\/","name":"Voxendo.com","description":"Immer die richtige Stimme","potentialAction":[{"@type":"SearchAction","target":{"@type":"EntryPoint","urlTemplate":"https:\/\/voxendo.com\/en\/?s={search_term_string}"},"query-input":{"@type":"PropertyValueSpecification","valueRequired":true,"valueName":"search_term_string"}}],"inLanguage":"en-US"}]}},"_links":{"self":[{"href":"https:\/\/voxendo.com\/en\/wp-json\/wp\/v2\/pages\/7842","targetHints":{"allow":["GET"]}}],"collection":[{"href":"https:\/\/voxendo.com\/en\/wp-json\/wp\/v2\/pages"}],"about":[{"href":"https:\/\/voxendo.com\/en\/wp-json\/wp\/v2\/types\/page"}],"author":[{"embeddable":true,"href":"https:\/\/voxendo.com\/en\/wp-json\/wp\/v2\/users\/1"}],"replies":[{"embeddable":true,"href":"https:\/\/voxendo.com\/en\/wp-json\/wp\/v2\/comments?post=7842"}],"version-history":[{"count":0,"href":"https:\/\/voxendo.com\/en\/wp-json\/wp\/v2\/pages\/7842\/revisions"}],"wp:attachment":[{"href":"https:\/\/voxendo.com\/en\/wp-json\/wp\/v2\/media?parent=7842"}],"curies":[{"name":"wp","href":"https:\/\/api.w.org\/{rel}","templated":true}]}}